{"id":1495,"date":"2026-04-05T19:05:06","date_gmt":"2026-04-05T17:05:06","guid":{"rendered":"https:\/\/kanzlei-tsiopra-abend.de\/2026\/?page_id=1495"},"modified":"2026-04-05T19:09:38","modified_gmt":"2026-04-05T17:09:38","slug":"profil","status":"publish","type":"page","link":"https:\/\/kanzlei-tsiopra-abend.de\/2026\/profil\/","title":{"rendered":"Profil"},"content":{"rendered":"\t\t<div data-elementor-type=\"wp-page\" data-elementor-id=\"1495\" class=\"elementor elementor-1495\">\n\t\t\t\t<div class=\"elementor-element elementor-element-3faa5d1e e-flex e-con-boxed e-con e-parent\" data-id=\"3faa5d1e\" data-element_type=\"container\" data-e-type=\"container\">\n\t\t\t\t\t<div class=\"e-con-inner\">\n\t\t\t\t<div class=\"elementor-element elementor-element-a23ad56 elementor-widget elementor-widget-text-editor\" data-id=\"a23ad56\" data-element_type=\"widget\" data-e-type=\"widget\" data-widget_type=\"text-editor.default\">\n\t\t\t\t\t\t\t\t\t\n<figure class=\"wp-block-image size-full\"><img decoding=\"async\" class=\"wp-image-1451\" src=\"https:\/\/kanzlei-tsiopra-abend.de\/2026\/wp-content\/uploads\/2026\/04\/intro-slide-profil-neu.jpg\" alt=\"\" \/><\/figure>\n\n\n\n<p>&nbsp;<\/p>\n\t\t\t\t\t\t\t\t<\/div>\n\t\t\t\t<div class=\"elementor-element elementor-element-2cd51f8 elementor-widget elementor-widget-heading\" data-id=\"2cd51f8\" data-element_type=\"widget\" data-e-type=\"widget\" data-widget_type=\"heading.default\">\n\t\t\t\t\t<h2 class=\"elementor-heading-title elementor-size-default\">Profil<\/h2>\t\t\t\t<\/div>\n\t\t\t\t\t<\/div>\n\t\t\t\t<\/div>\n\t\t<div class=\"elementor-element elementor-element-3f4f278 e-grid e-con-boxed e-con e-parent\" data-id=\"3f4f278\" data-element_type=\"container\" data-e-type=\"container\">\n\t\t\t\t\t<div class=\"e-con-inner\">\n\t\t\t\t<div class=\"elementor-element elementor-element-64b2afb elementor-widget elementor-widget-text-editor\" data-id=\"64b2afb\" data-element_type=\"widget\" data-e-type=\"widget\" data-widget_type=\"text-editor.default\">\n\t\t\t\t\t\t\t\t\t<ul>\n<li>\n<p>2012\/ 2013 Ausbildung zur Anwaltmediatorin<\/p>\n<\/li>\n<li>\n<p>1999 Zulassung zur Fachanw\u00e4ltin f\u00fcr Familienrecht<\/p>\n<\/li>\n<li>\n<p>seit 1998 in Pulheim-Brauweiler<\/p>\n<\/li>\n<li>\n<p>1997 Gr\u00fcndung einer eigenen Kanzlei zun\u00e4chst in K\u00f6ln<\/p>\n<\/li>\n<li>\n<p>1993 bis 1997 Rechtsanw\u00e4ltin in der Kanzlei Hoffmann und Koll., K\u00f6ln<\/p>\n<\/li>\n<li>\n<p>1992 Rechtsanw\u00e4ltin in der Kanzlei Thuir und Powierski, D\u00fcren<\/p>\n<\/li>\n<li>\n<p>Juni 1992 Zulassung zur Anwaltschaft<\/p>\n<\/li>\n<li>\n<p>1991 2. Juristisches Staatsexamen<\/p>\n<\/li>\n<li>\n<p>1988-1991 Referendariat am OLG D\u00fcsseldorf<\/p>\n<\/li>\n<li>\n<p>1983-1987 Studium der Rechtswissenschaften an der Universit\u00e4t zu K\u00f6ln<\/p>\n<\/li>\n<\/ul>\n<ul>\n<li>\n<p>ehrenamtliche T\u00e4tigkeit beim \u201eevka- Das Familienzentrum\u201c, Pulheim<\/p>\n<\/li>\n<li>\n<p>Mitglied beim Deutschen Anwaltsverein e.V.<\/p>\n<\/li>\n<li>\n<p>Mitglied beim K\u00f6lner Anwaltsverein e.V.<\/p>\n<\/li>\n<li>\n<p>Mitglied bei der Arbeitsgemeinschaft f\u00fcr Familienrecht beim DAV<\/p>\n<\/li>\n<\/ul>\t\t\t\t\t\t\t\t<\/div>\n\t\t\t\t\t<\/div>\n\t\t\t\t<\/div>\n\t\t\t\t<\/div>\n\t\t","protected":false},"excerpt":{"rendered":"<p>&nbsp; Profil 2012\/ 2013 Ausbildung zur Anwaltmediatorin 1999 Zulassung zur Fachanw\u00e4ltin f\u00fcr Familienrecht seit 1998 in Pulheim-Brauweiler 1997 Gr\u00fcndung einer eigenen Kanzlei zun\u00e4chst in K\u00f6ln 1993 bis 1997 Rechtsanw\u00e4ltin in der Kanzlei Hoffmann und Koll., K\u00f6ln 1992 Rechtsanw\u00e4ltin in der Kanzlei Thuir und Powierski, D\u00fcren Juni 1992 Zulassung zur Anwaltschaft 1991 2. Juristisches Staatsexamen 1988-1991 [&hellip;]<\/p>\n","protected":false},"author":1,"featured_media":0,"parent":0,"menu_order":0,"comment_status":"closed","ping_status":"closed","template":"","meta":{"footnotes":""},"class_list":["post-1495","page","type-page","status-publish","hentry"],"_links":{"self":[{"href":"https:\/\/kanzlei-tsiopra-abend.de\/2026\/wp-json\/wp\/v2\/pages\/1495","targetHints":{"allow":["GET"]}}],"collection":[{"href":"https:\/\/kanzlei-tsiopra-abend.de\/2026\/wp-json\/wp\/v2\/pages"}],"about":[{"href":"https:\/\/kanzlei-tsiopra-abend.de\/2026\/wp-json\/wp\/v2\/types\/page"}],"author":[{"embeddable":true,"href":"https:\/\/kanzlei-tsiopra-abend.de\/2026\/wp-json\/wp\/v2\/users\/1"}],"replies":[{"embeddable":true,"href":"https:\/\/kanzlei-tsiopra-abend.de\/2026\/wp-json\/wp\/v2\/comments?post=1495"}],"version-history":[{"count":6,"href":"https:\/\/kanzlei-tsiopra-abend.de\/2026\/wp-json\/wp\/v2\/pages\/1495\/revisions"}],"predecessor-version":[{"id":1502,"href":"https:\/\/kanzlei-tsiopra-abend.de\/2026\/wp-json\/wp\/v2\/pages\/1495\/revisions\/1502"}],"wp:attachment":[{"href":"https:\/\/kanzlei-tsiopra-abend.de\/2026\/wp-json\/wp\/v2\/media?parent=1495"}],"curies":[{"name":"wp","href":"https:\/\/api.w.org\/{rel}","templated":true}]}}