{"id":1508,"date":"2026-04-05T19:30:10","date_gmt":"2026-04-05T17:30:10","guid":{"rendered":"https:\/\/kanzlei-tsiopra-abend.de\/2026\/?page_id=1508"},"modified":"2026-04-05T19:33:11","modified_gmt":"2026-04-05T17:33:11","slug":"mediation","status":"publish","type":"page","link":"https:\/\/kanzlei-tsiopra-abend.de\/2026\/mediation\/","title":{"rendered":"Mediation"},"content":{"rendered":"\t\t<div data-elementor-type=\"wp-page\" data-elementor-id=\"1508\" class=\"elementor elementor-1508\">\n\t\t\t\t<div class=\"elementor-element elementor-element-3faa5d1e e-flex e-con-boxed e-con e-parent\" data-id=\"3faa5d1e\" data-element_type=\"container\" data-e-type=\"container\">\n\t\t\t\t\t<div class=\"e-con-inner\">\n\t\t\t\t<div class=\"elementor-element elementor-element-a23ad56 elementor-widget elementor-widget-text-editor\" data-id=\"a23ad56\" data-element_type=\"widget\" data-e-type=\"widget\" data-widget_type=\"text-editor.default\">\n\t\t\t\t\t\t\t\t\t\n<figure class=\"wp-block-image size-full\"><img decoding=\"async\" class=\"wp-image-1451\" src=\"https:\/\/kanzlei-tsiopra-abend.de\/2026\/wp-content\/uploads\/2026\/04\/intro-mediation.jpg\" alt=\"\" \/><\/figure>\n\n\n\n<p>&nbsp;<\/p>\n\t\t\t\t\t\t\t\t<\/div>\n\t\t\t\t<div class=\"elementor-element elementor-element-2cd51f8 elementor-widget elementor-widget-heading\" data-id=\"2cd51f8\" data-element_type=\"widget\" data-e-type=\"widget\" data-widget_type=\"heading.default\">\n\t\t\t\t\t<h2 class=\"elementor-heading-title elementor-size-default\">Mediation<\/h2>\t\t\t\t<\/div>\n\t\t\t\t\t<\/div>\n\t\t\t\t<\/div>\n\t\t<div class=\"elementor-element elementor-element-3f4f278 e-grid e-con-boxed e-con e-parent\" data-id=\"3f4f278\" data-element_type=\"container\" data-e-type=\"container\">\n\t\t\t\t\t<div class=\"e-con-inner\">\n\t\t\t\t<div class=\"elementor-element elementor-element-64b2afb elementor-widget elementor-widget-text-editor\" data-id=\"64b2afb\" data-element_type=\"widget\" data-e-type=\"widget\" data-widget_type=\"text-editor.default\">\n\t\t\t\t\t\t\t\t\t<h2>Reden Sie miteinander, nicht \u00fcbereinander!<\/h2>\n<h3>Gespr\u00e4ch statt Sprachlosigkeit<\/h3>\n<p>Durch meine Vermittlung erhalten Sie Gelegenheit, Ihre Standpunkte darzulegen und miteinander ins Gespr\u00e4ch zu kommen.<\/p>\n<p>Nur so werden Sie eine langfristige L\u00f6sung finden!<\/p>\n<p>Aufgrund meiner langj\u00e4hrigen Erfahrung als Rechtsanw\u00e4ltin habe ich festgestellt, dass auch gewonnene Prozesse nicht unbedingt zum Rechtsfrieden und zur Zufriedenheit f\u00fchren.<br \/>Streitigkeiten k\u00f6nnen nicht immer gerichtlich gel\u00f6st werden.<\/p>\n<p>Mit meinen fundierten Fachkenntnissen unterst\u00fctze ich Sie daher, eine ergebnisorientierte Vereinbarung durch eine Mediation zu finden, die Ihren wirklichen Interessen entspricht.<\/p>\t\t\t\t\t\t\t\t<\/div>\n\t\t\t\t\t<\/div>\n\t\t\t\t<\/div>\n\t\t\t\t<\/div>\n\t\t","protected":false},"excerpt":{"rendered":"<p>&nbsp; Mediation Reden Sie miteinander, nicht \u00fcbereinander! Gespr\u00e4ch statt Sprachlosigkeit Durch meine Vermittlung erhalten Sie Gelegenheit, Ihre Standpunkte darzulegen und miteinander ins Gespr\u00e4ch zu kommen. Nur so werden Sie eine langfristige L\u00f6sung finden! Aufgrund meiner langj\u00e4hrigen Erfahrung als Rechtsanw\u00e4ltin habe ich festgestellt, dass auch gewonnene Prozesse nicht unbedingt zum Rechtsfrieden und zur Zufriedenheit f\u00fchren.Streitigkeiten k\u00f6nnen [&hellip;]<\/p>\n","protected":false},"author":1,"featured_media":0,"parent":0,"menu_order":0,"comment_status":"closed","ping_status":"closed","template":"","meta":{"footnotes":""},"class_list":["post-1508","page","type-page","status-publish","hentry"],"_links":{"self":[{"href":"https:\/\/kanzlei-tsiopra-abend.de\/2026\/wp-json\/wp\/v2\/pages\/1508","targetHints":{"allow":["GET"]}}],"collection":[{"href":"https:\/\/kanzlei-tsiopra-abend.de\/2026\/wp-json\/wp\/v2\/pages"}],"about":[{"href":"https:\/\/kanzlei-tsiopra-abend.de\/2026\/wp-json\/wp\/v2\/types\/page"}],"author":[{"embeddable":true,"href":"https:\/\/kanzlei-tsiopra-abend.de\/2026\/wp-json\/wp\/v2\/users\/1"}],"replies":[{"embeddable":true,"href":"https:\/\/kanzlei-tsiopra-abend.de\/2026\/wp-json\/wp\/v2\/comments?post=1508"}],"version-history":[{"count":7,"href":"https:\/\/kanzlei-tsiopra-abend.de\/2026\/wp-json\/wp\/v2\/pages\/1508\/revisions"}],"predecessor-version":[{"id":1517,"href":"https:\/\/kanzlei-tsiopra-abend.de\/2026\/wp-json\/wp\/v2\/pages\/1508\/revisions\/1517"}],"wp:attachment":[{"href":"https:\/\/kanzlei-tsiopra-abend.de\/2026\/wp-json\/wp\/v2\/media?parent=1508"}],"curies":[{"name":"wp","href":"https:\/\/api.w.org\/{rel}","templated":true}]}}