{"id":1523,"date":"2026-04-05T19:35:39","date_gmt":"2026-04-05T17:35:39","guid":{"rendered":"https:\/\/kanzlei-tsiopra-abend.de\/2026\/?page_id=1523"},"modified":"2026-04-05T19:58:32","modified_gmt":"2026-04-05T17:58:32","slug":"vorteile-der-mediation","status":"publish","type":"page","link":"https:\/\/kanzlei-tsiopra-abend.de\/2026\/vorteile-der-mediation\/","title":{"rendered":"Vorteile der Mediation"},"content":{"rendered":"\t\t<div data-elementor-type=\"wp-page\" data-elementor-id=\"1523\" class=\"elementor elementor-1523\">\n\t\t\t\t<div class=\"elementor-element elementor-element-3faa5d1e e-flex e-con-boxed e-con e-parent\" data-id=\"3faa5d1e\" data-element_type=\"container\" data-e-type=\"container\">\n\t\t\t\t\t<div class=\"e-con-inner\">\n\t\t\t\t<div class=\"elementor-element elementor-element-a23ad56 elementor-widget elementor-widget-text-editor\" data-id=\"a23ad56\" data-element_type=\"widget\" data-e-type=\"widget\" data-widget_type=\"text-editor.default\">\n\t\t\t\t\t\t\t\t\t\n<figure class=\"wp-block-image size-full\"><img decoding=\"async\" class=\"wp-image-1451\" src=\"https:\/\/kanzlei-tsiopra-abend.de\/2026\/wp-content\/uploads\/2026\/04\/intro-mediation.jpg\" alt=\"\" \/><\/figure>\n\n\n\n<p>&nbsp;<\/p>\n\t\t\t\t\t\t\t\t<\/div>\n\t\t\t\t<div class=\"elementor-element elementor-element-2cd51f8 elementor-widget elementor-widget-heading\" data-id=\"2cd51f8\" data-element_type=\"widget\" data-e-type=\"widget\" data-widget_type=\"heading.default\">\n\t\t\t\t\t<h2 class=\"elementor-heading-title elementor-size-default\">Vorteile der Mediation<\/h2>\t\t\t\t<\/div>\n\t\t\t\t\t<\/div>\n\t\t\t\t<\/div>\n\t\t<div class=\"elementor-element elementor-element-3f4f278 e-grid e-con-boxed e-con e-parent\" data-id=\"3f4f278\" data-element_type=\"container\" data-e-type=\"container\">\n\t\t\t\t\t<div class=\"e-con-inner\">\n\t\t\t\t<div class=\"elementor-element elementor-element-64b2afb elementor-widget elementor-widget-text-editor\" data-id=\"64b2afb\" data-element_type=\"widget\" data-e-type=\"widget\" data-widget_type=\"text-editor.default\">\n\t\t\t\t\t\t\t\t\t<ul>\n<li>Kurzfristige und \u00fcbergreifende Kl\u00e4rung von Problemen,<br \/>anstelle von jahrelangen und teuren Prozessen<\/li>\n<li>Selbst erarbeitete, kreative L\u00f6sungen, die weiterreichenden Interessen entsprechen<\/li>\n<li>Einbeziehung Dritter, die am Konflikt beteiligt sind, ist m\u00f6glich<\/li>\n<li>Beziehungen werden durch den Konflikt nicht zerst\u00f6rt, man bleibt im Gespr\u00e4ch<\/li>\n<li>Gesch\u00e4ftsbeziehungen k\u00f6nnen auch f\u00fcr die Zukunft erhalten bleiben<\/li>\n<\/ul>\t\t\t\t\t\t\t\t<\/div>\n\t\t\t\t\t<\/div>\n\t\t\t\t<\/div>\n\t\t\t\t<\/div>\n\t\t","protected":false},"excerpt":{"rendered":"<p>&nbsp; Vorteile der Mediation Kurzfristige und \u00fcbergreifende Kl\u00e4rung von Problemen,anstelle von jahrelangen und teuren Prozessen Selbst erarbeitete, kreative L\u00f6sungen, die weiterreichenden Interessen entsprechen Einbeziehung Dritter, die am Konflikt beteiligt sind, ist m\u00f6glich Beziehungen werden durch den Konflikt nicht zerst\u00f6rt, man bleibt im Gespr\u00e4ch Gesch\u00e4ftsbeziehungen k\u00f6nnen auch f\u00fcr die Zukunft erhalten bleiben<\/p>\n","protected":false},"author":1,"featured_media":0,"parent":0,"menu_order":0,"comment_status":"closed","ping_status":"closed","template":"","meta":{"footnotes":""},"class_list":["post-1523","page","type-page","status-publish","hentry"],"_links":{"self":[{"href":"https:\/\/kanzlei-tsiopra-abend.de\/2026\/wp-json\/wp\/v2\/pages\/1523","targetHints":{"allow":["GET"]}}],"collection":[{"href":"https:\/\/kanzlei-tsiopra-abend.de\/2026\/wp-json\/wp\/v2\/pages"}],"about":[{"href":"https:\/\/kanzlei-tsiopra-abend.de\/2026\/wp-json\/wp\/v2\/types\/page"}],"author":[{"embeddable":true,"href":"https:\/\/kanzlei-tsiopra-abend.de\/2026\/wp-json\/wp\/v2\/users\/1"}],"replies":[{"embeddable":true,"href":"https:\/\/kanzlei-tsiopra-abend.de\/2026\/wp-json\/wp\/v2\/comments?post=1523"}],"version-history":[{"count":5,"href":"https:\/\/kanzlei-tsiopra-abend.de\/2026\/wp-json\/wp\/v2\/pages\/1523\/revisions"}],"predecessor-version":[{"id":1570,"href":"https:\/\/kanzlei-tsiopra-abend.de\/2026\/wp-json\/wp\/v2\/pages\/1523\/revisions\/1570"}],"wp:attachment":[{"href":"https:\/\/kanzlei-tsiopra-abend.de\/2026\/wp-json\/wp\/v2\/media?parent=1523"}],"curies":[{"name":"wp","href":"https:\/\/api.w.org\/{rel}","templated":true}]}}