{"id":1546,"date":"2026-04-05T19:47:45","date_gmt":"2026-04-05T17:47:45","guid":{"rendered":"https:\/\/kanzlei-tsiopra-abend.de\/2026\/?page_id=1546"},"modified":"2026-04-05T19:48:14","modified_gmt":"2026-04-05T17:48:14","slug":"kosten","status":"publish","type":"page","link":"https:\/\/kanzlei-tsiopra-abend.de\/2026\/kosten\/","title":{"rendered":"Kosten"},"content":{"rendered":"\t\t<div data-elementor-type=\"wp-page\" data-elementor-id=\"1546\" class=\"elementor elementor-1546\">\n\t\t\t\t<div class=\"elementor-element elementor-element-3faa5d1e e-flex e-con-boxed e-con e-parent\" data-id=\"3faa5d1e\" data-element_type=\"container\" data-e-type=\"container\">\n\t\t\t\t\t<div class=\"e-con-inner\">\n\t\t\t\t<div class=\"elementor-element elementor-element-a23ad56 elementor-widget elementor-widget-text-editor\" data-id=\"a23ad56\" data-element_type=\"widget\" data-e-type=\"widget\" data-widget_type=\"text-editor.default\">\n\t\t\t\t\t\t\t\t\t\n<figure class=\"wp-block-image size-full\"><img decoding=\"async\" class=\"wp-image-1451\" src=\"https:\/\/kanzlei-tsiopra-abend.de\/2026\/wp-content\/uploads\/2026\/04\/intro-slide-kanzlei-neu.jpg\" alt=\"\" \/><\/figure>\n\n\n\n<p>&nbsp;<\/p>\n\t\t\t\t\t\t\t\t<\/div>\n\t\t\t\t<div class=\"elementor-element elementor-element-2cd51f8 elementor-widget elementor-widget-heading\" data-id=\"2cd51f8\" data-element_type=\"widget\" data-e-type=\"widget\" data-widget_type=\"heading.default\">\n\t\t\t\t\t<h2 class=\"elementor-heading-title elementor-size-default\">Kosten<\/h2>\t\t\t\t<\/div>\n\t\t\t\t\t<\/div>\n\t\t\t\t<\/div>\n\t\t<div class=\"elementor-element elementor-element-3f4f278 e-grid e-con-boxed e-con e-parent\" data-id=\"3f4f278\" data-element_type=\"container\" data-e-type=\"container\">\n\t\t\t\t\t<div class=\"e-con-inner\">\n\t\t\t\t<div class=\"elementor-element elementor-element-64b2afb elementor-widget elementor-widget-text-editor\" data-id=\"64b2afb\" data-element_type=\"widget\" data-e-type=\"widget\" data-widget_type=\"text-editor.default\">\n\t\t\t\t\t\t\t\t\t<p>Neben dem gew\u00fcnschten Erfolg, ist auch \u00fcber das Kostenrisiko zu sprechen.<br \/>So erfolgt:<\/p>\n<ul>\n<li>eine Risikoanalyse zum Ausgang des angestrebten Verfahrens genauso wie \u00fcber die Kosten<\/li>\n<li>eine Ihren Verh\u00e4ltnissen entsprechende Kostenl\u00f6sung<\/li>\n<li>die M\u00f6glichkeit einer Honorarvereinbarung auf der Basis eines zu vereinbarenden Stundenhonorars<\/li>\n<li>soweit eine Rechtschutzversicherung vorliegt, sorge ich f\u00fcr Deckungsschutz, wenn hierauf Anspruch besteht<\/li>\n<\/ul>\t\t\t\t\t\t\t\t<\/div>\n\t\t\t\t\t<\/div>\n\t\t\t\t<\/div>\n\t\t\t\t<\/div>\n\t\t","protected":false},"excerpt":{"rendered":"<p>&nbsp; Kosten Neben dem gew\u00fcnschten Erfolg, ist auch \u00fcber das Kostenrisiko zu sprechen.So erfolgt: eine Risikoanalyse zum Ausgang des angestrebten Verfahrens genauso wie \u00fcber die Kosten eine Ihren Verh\u00e4ltnissen entsprechende Kostenl\u00f6sung die M\u00f6glichkeit einer Honorarvereinbarung auf der Basis eines zu vereinbarenden Stundenhonorars soweit eine Rechtschutzversicherung vorliegt, sorge ich f\u00fcr Deckungsschutz, wenn hierauf Anspruch besteht<\/p>\n","protected":false},"author":1,"featured_media":0,"parent":0,"menu_order":0,"comment_status":"closed","ping_status":"closed","template":"","meta":{"footnotes":""},"class_list":["post-1546","page","type-page","status-publish","hentry"],"_links":{"self":[{"href":"https:\/\/kanzlei-tsiopra-abend.de\/2026\/wp-json\/wp\/v2\/pages\/1546","targetHints":{"allow":["GET"]}}],"collection":[{"href":"https:\/\/kanzlei-tsiopra-abend.de\/2026\/wp-json\/wp\/v2\/pages"}],"about":[{"href":"https:\/\/kanzlei-tsiopra-abend.de\/2026\/wp-json\/wp\/v2\/types\/page"}],"author":[{"embeddable":true,"href":"https:\/\/kanzlei-tsiopra-abend.de\/2026\/wp-json\/wp\/v2\/users\/1"}],"replies":[{"embeddable":true,"href":"https:\/\/kanzlei-tsiopra-abend.de\/2026\/wp-json\/wp\/v2\/comments?post=1546"}],"version-history":[{"count":4,"href":"https:\/\/kanzlei-tsiopra-abend.de\/2026\/wp-json\/wp\/v2\/pages\/1546\/revisions"}],"predecessor-version":[{"id":1550,"href":"https:\/\/kanzlei-tsiopra-abend.de\/2026\/wp-json\/wp\/v2\/pages\/1546\/revisions\/1550"}],"wp:attachment":[{"href":"https:\/\/kanzlei-tsiopra-abend.de\/2026\/wp-json\/wp\/v2\/media?parent=1546"}],"curies":[{"name":"wp","href":"https:\/\/api.w.org\/{rel}","templated":true}]}}